{"id":2639,"date":"2013-03-23T13:05:14","date_gmt":"2013-03-23T13:05:14","guid":{"rendered":"https:\/\/viadinaricakosovo.com\/about\/project\/"},"modified":"2025-11-28T23:36:19","modified_gmt":"2025-11-28T23:36:19","slug":"project","status":"publish","type":"page","link":"https:\/\/viadinaricakosovo.com\/sq\/about\/project\/","title":{"rendered":"Project"},"content":{"rendered":"[vc_row type=&#8221;full_width_background&#8221; full_screen_row_position=&#8221;middle&#8221; column_margin=&#8221;default&#8221; column_direction=&#8221;default&#8221; column_direction_tablet=&#8221;default&#8221; column_direction_phone=&#8221;default&#8221; bg_color=&#8221;#ffffff&#8221; scene_position=&#8221;center&#8221; top_padding=&#8221;7%&#8221; bottom_padding=&#8221;3%&#8221; text_color=&#8221;dark&#8221; text_align=&#8221;left&#8221; row_border_radius=&#8221;none&#8221; row_border_radius_applies=&#8221;bg&#8221; overflow=&#8221;visible&#8221; overlay_strength=&#8221;1&#8243; gradient_direction=&#8221;left_to_right&#8221; shape_divider_position=&#8221;bottom&#8221; bg_image_animation=&#8221;none&#8221; gradient_type=&#8221;default&#8221; shape_type=&#8221;&#8221;][vc_column column_padding=&#8221;no-extra-padding&#8221; column_padding_tablet=&#8221;inherit&#8221; column_padding_phone=&#8221;inherit&#8221; column_padding_position=&#8221;all&#8221; column_element_direction_desktop=&#8221;default&#8221; column_element_spacing=&#8221;default&#8221; desktop_text_alignment=&#8221;default&#8221; tablet_text_alignment=&#8221;default&#8221; phone_text_alignment=&#8221;default&#8221; background_color_opacity=&#8221;1&#8243; background_hover_color_opacity=&#8221;1&#8243; column_backdrop_filter=&#8221;none&#8221; column_shadow=&#8221;none&#8221; column_border_radius=&#8221;none&#8221; column_link_target=&#8221;_self&#8221; column_position=&#8221;default&#8221; gradient_direction=&#8221;left_to_right&#8221; overlay_strength=&#8221;0.3&#8243; width=&#8221;1\/1&#8243; tablet_width_inherit=&#8221;default&#8221; animation_type=&#8221;default&#8221; bg_image_animation=&#8221;none&#8221; border_type=&#8221;simple&#8221; column_border_width=&#8221;none&#8221; column_border_style=&#8221;solid&#8221;][vc_row_inner column_margin=&#8221;default&#8221; column_direction=&#8221;default&#8221; column_direction_tablet=&#8221;default&#8221; column_direction_phone=&#8221;default&#8221; right_padding_desktop=&#8221;20%&#8221; right_padding_tablet=&#8221;0&#8243; text_align=&#8221;left&#8221; row_position=&#8221;default&#8221; row_position_tablet=&#8221;inherit&#8221; row_position_phone=&#8221;inherit&#8221; overflow=&#8221;visible&#8221; pointer_events=&#8221;all&#8221;][vc_column_inner column_padding=&#8221;no-extra-padding&#8221; column_padding_tablet=&#8221;inherit&#8221; column_padding_phone=&#8221;inherit&#8221; column_padding_position=&#8221;all&#8221; column_element_direction_desktop=&#8221;default&#8221; column_element_spacing=&#8221;default&#8221; desktop_text_alignment=&#8221;default&#8221; tablet_text_alignment=&#8221;default&#8221; phone_text_alignment=&#8221;default&#8221; background_color_opacity=&#8221;1&#8243; background_hover_color_opacity=&#8221;1&#8243; column_backdrop_filter=&#8221;none&#8221; column_shadow=&#8221;none&#8221; column_border_radius=&#8221;none&#8221; column_link_target=&#8221;_self&#8221; overflow=&#8221;visible&#8221; gradient_direction=&#8221;left_to_right&#8221; overlay_strength=&#8221;0.3&#8243; width=&#8221;1\/1&#8243; tablet_width_inherit=&#8221;default&#8221; animation_type=&#8221;default&#8221; bg_image_animation=&#8221;none&#8221; border_type=&#8221;simple&#8221; column_border_width=&#8221;none&#8221; column_border_style=&#8221;solid&#8221;][split_line_heading animation_type=&#8221;line-reveal-by-space&#8221; font_style=&#8221;h2&#8243; text_color=&#8221;#0d488c&#8221; line_reveal_by_space_text_effect=&#8221;default&#8221; content_alignment=&#8221;default&#8221; mobile_content_alignment=&#8221;inherit&#8221; link_target=&#8221;_self&#8221; text_content=&#8221;Nisma \u201cVia Dinarica Kosov\u00eb\u201d synon t\u00eb p\u00ebrmir\u00ebsoj\u00eb dhe t\u00eb promovoj\u00eb segmentin e Kosov\u00ebs t\u00eb shtegut \u201cVia Dinarica\u201d, duke u fokusuar tek q\u00ebndrueshm\u00ebria, fuqizimi i komunitetit dhe zhvillimi ekonomik lokal.&#8221; text_direction=&#8221;default&#8221;][\/split_line_heading][\/vc_column_inner][\/vc_row_inner][vc_row_inner column_margin=&#8221;default&#8221; column_direction=&#8221;default&#8221; column_direction_tablet=&#8221;default&#8221; column_direction_phone=&#8221;default&#8221; text_align=&#8221;left&#8221; row_position=&#8221;default&#8221; row_position_tablet=&#8221;inherit&#8221; row_position_phone=&#8221;inherit&#8221; overflow=&#8221;visible&#8221; pointer_events=&#8221;all&#8221;][vc_column_inner column_padding=&#8221;padding-2-percent&#8221; column_padding_tablet=&#8221;inherit&#8221; column_padding_phone=&#8221;inherit&#8221; column_padding_position=&#8221;top-bottom&#8221; column_element_direction_desktop=&#8221;default&#8221; column_element_spacing=&#8221;default&#8221; desktop_text_alignment=&#8221;default&#8221; tablet_text_alignment=&#8221;default&#8221; phone_text_alignment=&#8221;default&#8221; background_color_opacity=&#8221;1&#8243; background_hover_color_opacity=&#8221;1&#8243; column_backdrop_filter=&#8221;none&#8221; column_shadow=&#8221;none&#8221; column_border_radius=&#8221;none&#8221; column_link_target=&#8221;_self&#8221; overflow=&#8221;visible&#8221; gradient_direction=&#8221;left_to_right&#8221; overlay_strength=&#8221;0.3&#8243; width=&#8221;1\/2&#8243; tablet_width_inherit=&#8221;default&#8221; animation_type=&#8221;default&#8221; enable_animation=&#8221;true&#8221; animation=&#8221;fade-in-from-bottom&#8221; animation_easing=&#8221;default&#8221; bg_image_animation=&#8221;none&#8221; border_type=&#8221;simple&#8221; column_border_width=&#8221;none&#8221; column_border_style=&#8221;solid&#8221; column_padding_type=&#8221;default&#8221; gradient_type=&#8221;default&#8221;][vc_column_text css=&#8221;.vc_custom_1764372204764{padding-right: 10% !important;}&#8221; text_direction=&#8221;default&#8221;]\n<h4>Duke mb\u00ebshtetur bizneset lokale si sht\u00ebpit\u00eb prit\u00ebse, guidat turistike, ekipet e shp\u00ebtimit malor dhe sh\u00ebrbime t\u00eb tjera q\u00eb pasurojn\u00eb dhe energjizojn\u00eb k\u00ebt\u00eb shteg, projekti kontribuon n\u00eb rritjen e nj\u00eb destinacioni turistik t\u00eb q\u00ebndruesh\u00ebm, duke ruajtur trash\u00ebgimin\u00eb natyrore dhe kulturore t\u00eb Kosov\u00ebs.<\/h4>\n[\/vc_column_text][divider line_type=&#8221;No Line&#8221; custom_height=&#8221;30&#8243;][vc_column_text css=&#8221;.vc_custom_1764372351651{padding-right: 10% !important;}&#8221; text_direction=&#8221;default&#8221;]Institucionet lokale, ofruesit e sh\u00ebrbimeve turistike dhe komunitetet p\u00ebrgjat\u00eb shtegut p\u00ebrfitojn\u00eb drejtp\u00ebrdrejt nga kjo nism\u00eb. Projekti krijon mund\u00ebsi pun\u00ebsimi dhe ndihmon n\u00eb ruajtjen e peizazheve t\u00eb Kosov\u00ebs p\u00ebr brezat e ardhsh\u00ebm.<\/p>\n<p>Financuar nga <a href=\"https:\/\/www.aics.gov.it\/?lang=en\"><b>Agjencia Italiane p\u00ebr Bashk\u00ebpunim Zhvillimor (AICS)<\/b><\/a> dhe zbatuar nga nj\u00eb konsorcium organizatash italiane dhe kosovare, kjo iniciativ\u00eb \u00ebsht\u00eb pjes\u00eb e projektit <b>\u201cNaturKosovo\u201d<\/b>.<\/p>\n<p>Duke u zhvilluar p\u00ebr <b>36 muaj<\/b>, projekti mbulon rajonin e <b>\u201cVia Dinarica\u201d<\/b> n\u00eb Kosov\u00eb, duke p\u00ebrfshir\u00eb Pej\u00ebn, De\u00e7anin, Junikun dhe Parkun Komb\u00ebtar t\u00eb <b>Bjeshk\u00ebve t\u00eb Nemuna<\/b>.[\/vc_column_text][\/vc_column_inner][vc_column_inner column_padding=&#8221;padding-2-percent&#8221; column_padding_tablet=&#8221;inherit&#8221; column_padding_phone=&#8221;inherit&#8221; column_padding_position=&#8221;top-bottom&#8221; column_element_direction_desktop=&#8221;default&#8221; column_element_spacing=&#8221;default&#8221; desktop_text_alignment=&#8221;default&#8221; tablet_text_alignment=&#8221;default&#8221; phone_text_alignment=&#8221;default&#8221; background_color_opacity=&#8221;1&#8243; background_hover_color_opacity=&#8221;1&#8243; column_backdrop_filter=&#8221;none&#8221; column_shadow=&#8221;none&#8221; column_border_radius=&#8221;none&#8221; column_link_target=&#8221;_self&#8221; overflow=&#8221;visible&#8221; gradient_direction=&#8221;left_to_right&#8221; overlay_strength=&#8221;0.3&#8243; width=&#8221;1\/2&#8243; tablet_width_inherit=&#8221;default&#8221; animation_type=&#8221;default&#8221; enable_animation=&#8221;true&#8221; animation=&#8221;fade-in-from-bottom&#8221; animation_easing=&#8221;default&#8221; bg_image_animation=&#8221;none&#8221; border_type=&#8221;simple&#8221; column_border_width=&#8221;none&#8221; column_border_style=&#8221;solid&#8221; delay=&#8221;100&#8243; column_padding_type=&#8221;default&#8221; gradient_type=&#8221;default&#8221;][vc_column_text css=&#8221;.vc_custom_1764372473916{padding-right: 10% !important;}&#8221; text_direction=&#8221;default&#8221;]Projekti mb\u00ebshtetet mbi <b>kat\u00ebr shtylla kryesore<\/b>:<\/p>\n<ul>\n<li>P\u00ebrmir\u00ebsimi i itinerareve natyrore dhe kulturore p\u00ebr t\u00eb garantuar nj\u00eb p\u00ebrvoj\u00eb cil\u00ebsore p\u00ebr vizitor\u00ebt.<\/li>\n<li>Forcimi i kapaciteteve t\u00eb koordinimit lokal n\u00eb partneritet me institucionet publike dhe private.<\/li>\n<li>P\u00ebrmir\u00ebsimi i kushteve socio-ekonomike p\u00ebrmes granteve dhe trajnimeve profesionale p\u00ebr t\u00eb mb\u00ebshtetur zhvillimin e q\u00ebndruesh\u00ebm.<\/li>\n<li>A core focus of the promotion is raising awareness about biodiversity and natural heritage, with a particular emphasis on youth engagement. The project\u2019s primary beneficiaries include local authorities, businesses, and communities, all playing a vital role in the initiative\u2019s success and long-term sustainability.<\/li>\n<\/ul>\n<p>Nj\u00eb fokus thelb\u00ebsor i promovimit \u00ebsht\u00eb rritja e vet\u00ebdijes p\u00ebr biodiversitetin dhe trash\u00ebgimin\u00eb natyrore, me theks t\u00eb ve\u00e7ant\u00eb tek angazhimi i t\u00eb rinjve. P\u00ebrfituesit kryesor\u00eb t\u00eb projektit p\u00ebrfshijn\u00eb autoritetet lokale, bizneset dhe komunitetet, t\u00eb cil\u00ebt luajn\u00eb nj\u00eb rol t\u00eb r\u00ebnd\u00ebsish\u00ebm n\u00eb suksesin dhe q\u00ebndrueshm\u00ebrin\u00eb afatgjat\u00eb t\u00eb iniciativ\u00ebs.[\/vc_column_text][\/vc_column_inner][\/vc_row_inner][\/vc_column][\/vc_row][vc_row type=&#8221;full_width_background&#8221; full_screen_row_position=&#8221;middle&#8221; column_margin=&#8221;default&#8221; equal_height=&#8221;yes&#8221; content_placement=&#8221;middle&#8221; column_direction=&#8221;default&#8221; column_direction_tablet=&#8221;default&#8221; column_direction_phone=&#8221;default&#8221; scene_position=&#8221;center&#8221; top_padding=&#8221;5%&#8221; bottom_padding=&#8221;5%&#8221; text_color=&#8221;dark&#8221; text_align=&#8221;left&#8221; row_border_radius=&#8221;none&#8221; row_border_radius_applies=&#8221;bg&#8221; overflow=&#8221;visible&#8221; overlay_strength=&#8221;0.3&#8243; gradient_direction=&#8221;left_to_right&#8221; shape_divider_position=&#8221;bottom&#8221; bg_image_animation=&#8221;none&#8221; gradient_type=&#8221;default&#8221; shape_type=&#8221;&#8221;][vc_column column_padding=&#8221;padding-2-percent&#8221; column_padding_tablet=&#8221;inherit&#8221; column_padding_phone=&#8221;inherit&#8221; column_padding_position=&#8221;left-right&#8221; column_element_direction_desktop=&#8221;default&#8221; column_element_spacing=&#8221;default&#8221; desktop_text_alignment=&#8221;default&#8221; tablet_text_alignment=&#8221;default&#8221; phone_text_alignment=&#8221;default&#8221; background_color_opacity=&#8221;1&#8243; background_hover_color_opacity=&#8221;1&#8243; column_backdrop_filter=&#8221;none&#8221; column_shadow=&#8221;none&#8221; column_border_radius=&#8221;none&#8221; column_link_target=&#8221;_self&#8221; column_position=&#8221;default&#8221; gradient_direction=&#8221;left_to_right&#8221; overlay_strength=&#8221;0.3&#8243; width=&#8221;1\/2&#8243; tablet_width_inherit=&#8221;default&#8221; animation_type=&#8221;default&#8221; bg_image_animation=&#8221;none&#8221; border_type=&#8221;simple&#8221; column_border_width=&#8221;none&#8221; column_border_style=&#8221;solid&#8221;][image_with_animation image_url=&#8221;1620&#8243; image_size=&#8221;full&#8221; animation_type=&#8221;entrance&#8221; animation=&#8221;Fade In From Left&#8221; animation_easing=&#8221;default&#8221; animation_movement_type=&#8221;transform_y&#8221; hover_animation=&#8221;none&#8221; alignment=&#8221;right&#8221; border_radius=&#8221;none&#8221; box_shadow=&#8221;none&#8221; image_loading=&#8221;default&#8221; max_width=&#8221;175%&#8221; max_width_mobile=&#8221;default&#8221;][\/vc_column][vc_column column_padding=&#8221;no-extra-padding&#8221; column_padding_tablet=&#8221;inherit&#8221; column_padding_phone=&#8221;inherit&#8221; column_padding_position=&#8221;all&#8221; column_element_direction_desktop=&#8221;default&#8221; column_element_spacing=&#8221;default&#8221; desktop_text_alignment=&#8221;default&#8221; tablet_text_alignment=&#8221;default&#8221; phone_text_alignment=&#8221;default&#8221; background_color_opacity=&#8221;1&#8243; background_hover_color_opacity=&#8221;1&#8243; column_backdrop_filter=&#8221;none&#8221; column_shadow=&#8221;none&#8221; column_border_radius=&#8221;none&#8221; column_link_target=&#8221;_self&#8221; column_position=&#8221;default&#8221; gradient_direction=&#8221;left_to_right&#8221; overlay_strength=&#8221;0.3&#8243; width=&#8221;1\/2&#8243; tablet_width_inherit=&#8221;default&#8221; animation_type=&#8221;default&#8221; bg_image_animation=&#8221;none&#8221; border_type=&#8221;simple&#8221; column_border_width=&#8221;none&#8221; column_border_style=&#8221;solid&#8221;][vc_custom_heading text=&#8221;Q\u00ebndrueshm\u00ebria&#8221; font_container=&#8221;tag:h2|text_align:left|color:%230d488c&#8221; use_theme_fonts=&#8221;yes&#8221; css=&#8221;&#8221;][divider line_type=&#8221;No Line&#8221; custom_height=&#8221;30&#8243;][vc_column_text css_animation=&#8221;bottom-to-top&#8221; css=&#8221;.vc_custom_1764372527456{padding-right: 10% !important;}&#8221; text_direction=&#8221;default&#8221;]<span style=\"color: #999;\">Projekti \u00ebsht\u00eb nd\u00ebrtuar mbi nj\u00eb strategji afatgjat\u00eb t\u00eb pron\u00ebsis\u00eb lokale, me theks tek zhvillimi i kapaciteteve, trajnimi teknik dhe promovimi i praktikave t\u00eb turizmit miq\u00ebsor me mjedisin. Bashk\u00ebpunimi i ngusht\u00eb me aktor\u00ebt lokal\u00eb siguron q\u00eb p\u00ebrfitimet ekonomike t\u00eb drejtohen drejt komuniteteve, duke garantuar zhvillim t\u00eb q\u00ebndruesh\u00ebm dhe ruajtje t\u00eb mjedisit.<\/span>[\/vc_column_text][\/vc_column][\/vc_row][vc_row type=&#8221;full_width_background&#8221; full_screen_row_position=&#8221;middle&#8221; column_margin=&#8221;default&#8221; equal_height=&#8221;yes&#8221; content_placement=&#8221;middle&#8221; column_direction=&#8221;default&#8221; column_direction_tablet=&#8221;default&#8221; column_direction_phone=&#8221;default&#8221; scene_position=&#8221;center&#8221; top_padding=&#8221;5%&#8221; bottom_padding=&#8221;10%&#8221; text_color=&#8221;dark&#8221; text_align=&#8221;left&#8221; row_border_radius=&#8221;none&#8221; row_border_radius_applies=&#8221;bg&#8221; overflow=&#8221;visible&#8221; overlay_strength=&#8221;0.3&#8243; gradient_direction=&#8221;left_to_right&#8221; shape_divider_position=&#8221;bottom&#8221; bg_image_animation=&#8221;none&#8221; gradient_type=&#8221;default&#8221; shape_type=&#8221;&#8221;][vc_column column_padding=&#8221;no-extra-padding&#8221; column_padding_tablet=&#8221;inherit&#8221; column_padding_phone=&#8221;inherit&#8221; column_padding_position=&#8221;all&#8221; column_element_direction_desktop=&#8221;default&#8221; column_element_spacing=&#8221;default&#8221; desktop_text_alignment=&#8221;default&#8221; tablet_text_alignment=&#8221;default&#8221; phone_text_alignment=&#8221;default&#8221; background_color_opacity=&#8221;1&#8243; background_hover_color_opacity=&#8221;1&#8243; column_backdrop_filter=&#8221;none&#8221; column_shadow=&#8221;none&#8221; column_border_radius=&#8221;none&#8221; column_link_target=&#8221;_self&#8221; column_position=&#8221;default&#8221; gradient_direction=&#8221;left_to_right&#8221; overlay_strength=&#8221;0.3&#8243; width=&#8221;1\/2&#8243; tablet_width_inherit=&#8221;default&#8221; animation_type=&#8221;default&#8221; bg_image_animation=&#8221;none&#8221; border_type=&#8221;simple&#8221; column_border_width=&#8221;none&#8221; column_border_style=&#8221;solid&#8221;][vc_custom_heading text=&#8221;Kontributi i Ekspertiz\u00ebs Italiane&#8221; font_container=&#8221;tag:h2|text_align:left|color:%230d488c&#8221; use_theme_fonts=&#8221;yes&#8221; css=&#8221;&#8221;][divider line_type=&#8221;No Line&#8221; custom_height=&#8221;30&#8243;][vc_column_text css_animation=&#8221;bottom-to-top&#8221; css=&#8221;.vc_custom_1764372697617{padding-right: 10% !important;}&#8221; text_direction=&#8221;default&#8221;]<span style=\"color: #999;\"><strong>P\u00ebrfshirja e ekspertiz\u00ebs italiane ka rezultuar e domosdoshme p\u00ebr t\u00eb adresuar objektivat komplekse t\u00eb k\u00ebsaj iniciative. P\u00ebrmes nj\u00eb partneriteti strategjik me <a href=\"https:\/\/www.cai.it\/\"><b>Klubin Alpin Italian (CAI)<\/b><\/a>, <a href=\"https:\/\/www.cnsas.it\/en\/\"><b>Korpusin Komb\u00ebtar t\u00eb Shp\u00ebtimit Alpin dhe Speleologjik (CNSAS)<\/b><\/a> dhe <a href=\"https:\/\/www.aitr.org\/home-en\"><b>Shoqat\u00ebn Italiane p\u00ebr Turiz\u00ebm t\u00eb Q\u00ebndruesh\u00ebm (AITR)<\/b><\/a> \u2013 organizata kryesore italiane q\u00eb specializohen n\u00eb menaxhimin e turizmit t\u00eb q\u00ebndruesh\u00ebm n\u00eb rajonet malore dhe alpiniste \u2013 sfidat ky\u00e7e jan\u00eb trajtuar me sukses.<\/strong> <\/span><\/p>\n<p><span style=\"color: #999;\">Jan\u00eb zhvilluar programe t\u00eb personalizuara t\u00eb asistenc\u00ebs teknike dhe trajnimeve, t\u00eb bazuara n\u00eb nevojat specifike t\u00eb aktor\u00ebve dhe karakteristikat e ve\u00e7anta t\u00eb territoreve. Ky qasje ka pajisur pjes\u00ebmarr\u00ebsit me njohurit\u00eb dhe mjetet teknike t\u00eb nevojshme, duke kultivuar nj\u00eb kultur\u00eb t\u00eb ndarjes s\u00eb njohurive dhe duke garantuar q\u00ebndrueshm\u00ebrin\u00eb afatgjat\u00eb t\u00eb iniciativ\u00ebs. Roli i spikatur i ekspertiz\u00ebs italiane dhe partner\u00ebve lokal\u00eb t\u00eb konsorciumit synon t\u00eb rris\u00eb ndjesh\u00ebm dukshm\u00ebrin\u00eb e Via Dinarica Kosov\u00eb, duke e pozicionuar rajonin jo vet\u00ebm si nj\u00eb destinacion kryesor n\u00eb peizazhin rajonal t\u00eb turizmit, por edhe si nj\u00eb atraksion nd\u00ebrkomb\u00ebtar n\u00eb zhvillim, duke e integruar at\u00eb n\u00eb rrjetet e njohura globale t\u00eb turizmit dhe duke t\u00ebrhequr nj\u00eb interes m\u00eb t\u00eb gjer\u00eb ndaj zon\u00ebs.<\/span>[\/vc_column_text][\/vc_column][vc_column column_padding=&#8221;padding-2-percent&#8221; column_padding_tablet=&#8221;inherit&#8221; column_padding_phone=&#8221;inherit&#8221; column_padding_position=&#8221;left-right&#8221; column_element_direction_desktop=&#8221;default&#8221; column_element_spacing=&#8221;default&#8221; desktop_text_alignment=&#8221;default&#8221; tablet_text_alignment=&#8221;default&#8221; phone_text_alignment=&#8221;default&#8221; background_color_opacity=&#8221;1&#8243; background_hover_color_opacity=&#8221;1&#8243; column_backdrop_filter=&#8221;none&#8221; column_shadow=&#8221;none&#8221; column_border_radius=&#8221;none&#8221; column_link_target=&#8221;_self&#8221; column_position=&#8221;default&#8221; gradient_direction=&#8221;left_to_right&#8221; overlay_strength=&#8221;0.3&#8243; width=&#8221;1\/2&#8243; tablet_width_inherit=&#8221;default&#8221; animation_type=&#8221;default&#8221; bg_image_animation=&#8221;none&#8221; border_type=&#8221;simple&#8221; column_border_width=&#8221;none&#8221; column_border_style=&#8221;solid&#8221;][image_with_animation image_url=&#8221;1636&#8243; image_size=&#8221;full&#8221; animation_type=&#8221;entrance&#8221; animation=&#8221;Fade In From Right&#8221; animation_easing=&#8221;default&#8221; animation_movement_type=&#8221;transform_y&#8221; hover_animation=&#8221;none&#8221; alignment=&#8221;&#8221; border_radius=&#8221;none&#8221; box_shadow=&#8221;none&#8221; image_loading=&#8221;default&#8221; max_width=&#8221;175%&#8221; max_width_mobile=&#8221;default&#8221;][\/vc_column][\/vc_row][vc_row type=&#8221;full_width_background&#8221; full_screen_row_position=&#8221;middle&#8221; column_margin=&#8221;default&#8221; equal_height=&#8221;yes&#8221; content_placement=&#8221;middle&#8221; column_direction=&#8221;default&#8221; column_direction_tablet=&#8221;default&#8221; column_direction_phone=&#8221;default&#8221; scene_position=&#8221;center&#8221; top_padding=&#8221;5%&#8221; bottom_padding=&#8221;5%&#8221; text_color=&#8221;dark&#8221; text_align=&#8221;left&#8221; row_border_radius=&#8221;none&#8221; row_border_radius_applies=&#8221;bg&#8221; overflow=&#8221;visible&#8221; overlay_strength=&#8221;0.3&#8243; gradient_direction=&#8221;left_to_right&#8221; shape_divider_position=&#8221;bottom&#8221; bg_image_animation=&#8221;none&#8221; gradient_type=&#8221;default&#8221; shape_type=&#8221;&#8221;][vc_column column_padding=&#8221;padding-2-percent&#8221; column_padding_tablet=&#8221;inherit&#8221; column_padding_phone=&#8221;inherit&#8221; column_padding_position=&#8221;left-right&#8221; column_element_direction_desktop=&#8221;default&#8221; column_element_spacing=&#8221;default&#8221; desktop_text_alignment=&#8221;default&#8221; tablet_text_alignment=&#8221;default&#8221; phone_text_alignment=&#8221;default&#8221; background_color_opacity=&#8221;1&#8243; background_hover_color_opacity=&#8221;1&#8243; column_backdrop_filter=&#8221;none&#8221; column_shadow=&#8221;none&#8221; column_border_radius=&#8221;none&#8221; column_link_target=&#8221;_self&#8221; column_position=&#8221;default&#8221; gradient_direction=&#8221;left_to_right&#8221; overlay_strength=&#8221;0.3&#8243; width=&#8221;1\/2&#8243; tablet_width_inherit=&#8221;default&#8221; animation_type=&#8221;default&#8221; bg_image_animation=&#8221;none&#8221; border_type=&#8221;simple&#8221; column_border_width=&#8221;none&#8221; column_border_style=&#8221;solid&#8221;][image_with_animation image_url=&#8221;1633&#8243; image_size=&#8221;full&#8221; animation_type=&#8221;entrance&#8221; animation=&#8221;Fade In From Left&#8221; animation_easing=&#8221;default&#8221; animation_movement_type=&#8221;transform_y&#8221; hover_animation=&#8221;none&#8221; alignment=&#8221;right&#8221; border_radius=&#8221;none&#8221; box_shadow=&#8221;none&#8221; image_loading=&#8221;default&#8221; max_width=&#8221;175%&#8221; max_width_mobile=&#8221;default&#8221;][\/vc_column][vc_column column_padding=&#8221;no-extra-padding&#8221; column_padding_tablet=&#8221;inherit&#8221; column_padding_phone=&#8221;inherit&#8221; column_padding_position=&#8221;all&#8221; column_element_direction_desktop=&#8221;default&#8221; column_element_spacing=&#8221;default&#8221; desktop_text_alignment=&#8221;default&#8221; tablet_text_alignment=&#8221;default&#8221; phone_text_alignment=&#8221;default&#8221; background_color_opacity=&#8221;1&#8243; background_hover_color_opacity=&#8221;1&#8243; column_backdrop_filter=&#8221;none&#8221; column_shadow=&#8221;none&#8221; column_border_radius=&#8221;none&#8221; column_link_target=&#8221;_self&#8221; column_position=&#8221;default&#8221; gradient_direction=&#8221;left_to_right&#8221; overlay_strength=&#8221;0.3&#8243; width=&#8221;1\/2&#8243; tablet_width_inherit=&#8221;default&#8221; animation_type=&#8221;default&#8221; bg_image_animation=&#8221;none&#8221; border_type=&#8221;simple&#8221; column_border_width=&#8221;none&#8221; column_border_style=&#8221;solid&#8221;][vc_custom_heading text=&#8221;P\u00ebrfituesit e Projektit&#8221; font_container=&#8221;tag:h2|text_align:left|color:%230d488c&#8221; use_theme_fonts=&#8221;yes&#8221; css=&#8221;&#8221;][divider line_type=&#8221;No Line&#8221; custom_height=&#8221;30&#8243;][vc_column_text css_animation=&#8221;bottom-to-top&#8221; css=&#8221;.vc_custom_1764372753706{padding-right: 10% !important;}&#8221; text_direction=&#8221;default&#8221;]<span style=\"color: #999;\"><b>P\u00ebrfituesit kryesor\u00eb t\u00eb k\u00ebsaj iniciative p\u00ebrfshijn\u00eb institucionet lokale, ofruesit e sh\u00ebrbimeve turistike dhe komunitetet p\u00ebrgjat\u00eb segmentit kosovar t\u00eb Via Dinarica. <\/b><\/span><\/p>\n<p><span style=\"color: #999;\">Iniciativa synon komunat e Pej\u00ebs, Junikut dhe De\u00e7anit, si dhe ministrit\u00eb, agjencin\u00eb e menaxhimit t\u00eb parkut dhe vendet e trash\u00ebgimis\u00eb kulturore. P\u00ebrfitues jan\u00eb gjithashtu bizneset lokale, si operator\u00ebt e akomodimit, prodhuesit e gastronomis\u00eb dhe guidat turistike, si dhe grupet e shoq\u00ebris\u00eb civile, student\u00ebt, studiuesit dhe entuziast\u00ebt e aktiviteteve n\u00eb natyr\u00eb, t\u00eb cil\u00ebt promovojn\u00eb turizmin e q\u00ebndruesh\u00ebm dhe zhvillimin lokal.<\/span>[\/vc_column_text][\/vc_column][\/vc_row]\n","protected":false},"excerpt":{"rendered":"<p>[vc_row type=&#8221;full_width_background&#8221; full_screen_row_position=&#8221;middle&#8221; column_margin=&#8221;default&#8221; column_direction=&#8221;default&#8221; column_direction_tablet=&#8221;default&#8221; column_direction_phone=&#8221;default&#8221; bg_color=&#8221;#ffffff&#8221; scene_position=&#8221;center&#8221; top_padding=&#8221;7%&#8221; bottom_padding=&#8221;3%&#8221; text_color=&#8221;dark&#8221; text_align=&#8221;left&#8221; row_border_radius=&#8221;none&#8221; row_border_radius_applies=&#8221;bg&#8221; overflow=&#8221;visible&#8221; overlay_strength=&#8221;1&#8243; gradient_direction=&#8221;left_to_right&#8221; shape_divider_position=&#8221;bottom&#8221; bg_image_animation=&#8221;none&#8221; gradient_type=&#8221;default&#8221; shape_type=&#8221;&#8221;][vc_column column_padding=&#8221;no-extra-padding&#8221; column_padding_tablet=&#8221;inherit&#8221; column_padding_phone=&#8221;inherit&#8221; column_padding_position=&#8221;all&#8221; column_element_direction_desktop=&#8221;default&#8221; column_element_spacing=&#8221;default&#8221; desktop_text_alignment=&#8221;default&#8221; tablet_text_alignment=&#8221;default&#8221;&#8230;<\/p>\n","protected":false},"author":1,"featured_media":0,"parent":2592,"menu_order":0,"comment_status":"open","ping_status":"open","template":"","meta":{"_acf_changed":false,"footnotes":""},"class_list":["post-2639","page","type-page","status-publish"],"acf":[],"aioseo_notices":[],"_links":{"self":[{"href":"https:\/\/viadinaricakosovo.com\/sq\/wp-json\/wp\/v2\/pages\/2639","targetHints":{"allow":["GET"]}}],"collection":[{"href":"https:\/\/viadinaricakosovo.com\/sq\/wp-json\/wp\/v2\/pages"}],"about":[{"href":"https:\/\/viadinaricakosovo.com\/sq\/wp-json\/wp\/v2\/types\/page"}],"author":[{"embeddable":true,"href":"https:\/\/viadinaricakosovo.com\/sq\/wp-json\/wp\/v2\/users\/1"}],"replies":[{"embeddable":true,"href":"https:\/\/viadinaricakosovo.com\/sq\/wp-json\/wp\/v2\/comments?post=2639"}],"version-history":[{"count":4,"href":"https:\/\/viadinaricakosovo.com\/sq\/wp-json\/wp\/v2\/pages\/2639\/revisions"}],"predecessor-version":[{"id":2640,"href":"https:\/\/viadinaricakosovo.com\/sq\/wp-json\/wp\/v2\/pages\/2639\/revisions\/2640"}],"up":[{"embeddable":true,"href":"https:\/\/viadinaricakosovo.com\/sq\/wp-json\/wp\/v2\/pages\/2592"}],"wp:attachment":[{"href":"https:\/\/viadinaricakosovo.com\/sq\/wp-json\/wp\/v2\/media?parent=2639"}],"curies":[{"name":"wp","href":"https:\/\/api.w.org\/{rel}","templated":true}]}}