{"id":2709,"date":"2025-02-06T23:32:20","date_gmt":"2025-02-06T23:32:20","guid":{"rendered":"https:\/\/viadinaricakosovo.com\/about\/checklist-of-essentials\/"},"modified":"2025-11-30T18:48:09","modified_gmt":"2025-11-30T18:48:09","slug":"checklist-of-essentials","status":"publish","type":"page","link":"https:\/\/viadinaricakosovo.com\/sq\/about\/checklist-of-essentials\/","title":{"rendered":"Lista e kontrollit t\u00eb gj\u00ebrave thelb\u00ebsore"},"content":{"rendered":"[vc_row type=&#8221;full_width_background&#8221; full_screen_row_position=&#8221;middle&#8221; column_margin=&#8221;default&#8221; column_direction=&#8221;default&#8221; column_direction_tablet=&#8221;default&#8221; column_direction_phone=&#8221;default&#8221; bg_color=&#8221;#ffffff&#8221; scene_position=&#8221;center&#8221; top_padding=&#8221;7%&#8221; bottom_padding=&#8221;5%&#8221; text_color=&#8221;dark&#8221; text_align=&#8221;left&#8221; row_border_radius=&#8221;none&#8221; row_border_radius_applies=&#8221;bg&#8221; overflow=&#8221;visible&#8221; overlay_strength=&#8221;1&#8243; gradient_direction=&#8221;left_to_right&#8221; shape_divider_position=&#8221;bottom&#8221; bg_image_animation=&#8221;none&#8221; gradient_type=&#8221;default&#8221; shape_type=&#8221;&#8221;][vc_column column_padding=&#8221;no-extra-padding&#8221; column_padding_tablet=&#8221;inherit&#8221; column_padding_phone=&#8221;inherit&#8221; column_padding_position=&#8221;all&#8221; column_element_direction_desktop=&#8221;default&#8221; column_element_spacing=&#8221;default&#8221; desktop_text_alignment=&#8221;default&#8221; tablet_text_alignment=&#8221;default&#8221; phone_text_alignment=&#8221;default&#8221; background_color_opacity=&#8221;1&#8243; background_hover_color_opacity=&#8221;1&#8243; column_backdrop_filter=&#8221;none&#8221; column_shadow=&#8221;none&#8221; column_border_radius=&#8221;none&#8221; column_link_target=&#8221;_self&#8221; column_position=&#8221;default&#8221; gradient_direction=&#8221;left_to_right&#8221; overlay_strength=&#8221;0.3&#8243; width=&#8221;1\/1&#8243; tablet_width_inherit=&#8221;default&#8221; animation_type=&#8221;default&#8221; bg_image_animation=&#8221;none&#8221; border_type=&#8221;simple&#8221; column_border_width=&#8221;none&#8221; column_border_style=&#8221;solid&#8221;][vc_row_inner column_margin=&#8221;default&#8221; column_direction=&#8221;default&#8221; column_direction_tablet=&#8221;default&#8221; column_direction_phone=&#8221;default&#8221; right_padding_desktop=&#8221;20%&#8221; right_padding_tablet=&#8221;0&#8243; text_align=&#8221;left&#8221; row_position=&#8221;default&#8221; row_position_tablet=&#8221;inherit&#8221; row_position_phone=&#8221;inherit&#8221; overflow=&#8221;visible&#8221; pointer_events=&#8221;all&#8221;][vc_column_inner column_padding=&#8221;no-extra-padding&#8221; column_padding_tablet=&#8221;inherit&#8221; column_padding_phone=&#8221;inherit&#8221; column_padding_position=&#8221;all&#8221; column_element_direction_desktop=&#8221;default&#8221; column_element_spacing=&#8221;default&#8221; desktop_text_alignment=&#8221;default&#8221; tablet_text_alignment=&#8221;default&#8221; phone_text_alignment=&#8221;default&#8221; background_color_opacity=&#8221;1&#8243; background_hover_color_opacity=&#8221;1&#8243; column_backdrop_filter=&#8221;none&#8221; column_shadow=&#8221;none&#8221; column_border_radius=&#8221;none&#8221; column_link_target=&#8221;_self&#8221; overflow=&#8221;visible&#8221; gradient_direction=&#8221;left_to_right&#8221; overlay_strength=&#8221;0.3&#8243; width=&#8221;1\/1&#8243; tablet_width_inherit=&#8221;default&#8221; animation_type=&#8221;default&#8221; bg_image_animation=&#8221;none&#8221; border_type=&#8221;simple&#8221; column_border_width=&#8221;none&#8221; column_border_style=&#8221;solid&#8221;][split_line_heading animation_type=&#8221;line-reveal-by-space&#8221; font_style=&#8221;h2&#8243; text_color=&#8221;#0d488c&#8221; line_reveal_by_space_text_effect=&#8221;none&#8221; content_alignment=&#8221;default&#8221; mobile_content_alignment=&#8221;inherit&#8221; link_target=&#8221;_self&#8221; text_content=&#8221;Eksplorimi i shtegut Via Dinarica n\u00eb Kosov\u00eb \u00ebsht\u00eb nj\u00eb aventur\u00eb e jasht\u00ebzakonshme q\u00eb ju \u00e7on p\u00ebrmes peizazheve alpine mahnit\u00ebse dhe kultur\u00ebs lokale t\u00eb pasur. Megjithat\u00eb, terreni i ashp\u00ebr dhe vendet e larg\u00ebta k\u00ebrkojn\u00eb p\u00ebrgatitje t\u00eb plot\u00eb p\u00ebr t\u00eb siguruar komoditetin dhe k\u00ebnaq\u00ebsin\u00eb tuaj. Pjesa m\u00eb e madhe e p\u00ebrvoj\u00ebs s\u00eb suksesshme varet nga pajisjet q\u00eb merrni me vete. M\u00eb posht\u00eb gjeni nj\u00eb udh\u00ebzues t\u00eb p\u00ebrmbledhur me gj\u00ebrat e domosdoshme p\u00ebr udh\u00ebtimin tuaj.&#8221; text_direction=&#8221;default&#8221;][\/split_line_heading][\/vc_column_inner][\/vc_row_inner][vc_row_inner column_margin=&#8221;default&#8221; column_direction=&#8221;default&#8221; column_direction_tablet=&#8221;default&#8221; column_direction_phone=&#8221;default&#8221; text_align=&#8221;left&#8221; row_position=&#8221;default&#8221; row_position_tablet=&#8221;inherit&#8221; row_position_phone=&#8221;inherit&#8221; overflow=&#8221;visible&#8221; pointer_events=&#8221;all&#8221;][vc_column_inner column_padding=&#8221;padding-2-percent&#8221; column_padding_tablet=&#8221;inherit&#8221; column_padding_phone=&#8221;inherit&#8221; column_padding_position=&#8221;top-bottom&#8221; column_element_direction_desktop=&#8221;default&#8221; column_element_spacing=&#8221;default&#8221; desktop_text_alignment=&#8221;default&#8221; tablet_text_alignment=&#8221;default&#8221; phone_text_alignment=&#8221;default&#8221; background_color_opacity=&#8221;1&#8243; background_hover_color_opacity=&#8221;1&#8243; column_backdrop_filter=&#8221;none&#8221; column_shadow=&#8221;none&#8221; column_border_radius=&#8221;none&#8221; column_link_target=&#8221;_self&#8221; overflow=&#8221;visible&#8221; gradient_direction=&#8221;left_to_right&#8221; overlay_strength=&#8221;0.3&#8243; width=&#8221;1\/2&#8243; tablet_width_inherit=&#8221;default&#8221; animation_type=&#8221;default&#8221; enable_animation=&#8221;true&#8221; animation=&#8221;fade-in-from-bottom&#8221; animation_easing=&#8221;default&#8221; bg_image_animation=&#8221;none&#8221; border_type=&#8221;simple&#8221; column_border_width=&#8221;none&#8221; column_border_style=&#8221;solid&#8221; column_padding_type=&#8221;default&#8221; gradient_type=&#8221;default&#8221;][vc_column_text css=&#8221;.vc_custom_1764528448233{padding-right: 10% !important;}&#8221; text_direction=&#8221;default&#8221;]<b>Rroba dhe Aksesor\u00eb<\/b><\/p>\n<ul>\n<li aria-level=\"1\"><b>K\u00ebpuc\u00eb p\u00ebr ecje<\/b>: T\u00eb forta, t\u00eb larta mbi ky\u00e7 (Kategoria B) p\u00ebr terrene t\u00eb ashpra.<\/li>\n<li aria-level=\"1\"><b>Sandale\/Shapka<\/b>: P\u00ebr p\u00ebrdorim n\u00eb akomodime.<\/li>\n<li aria-level=\"1\"><b>Veshje me shtresa<\/b>: Bluza q\u00eb thahen shpejt, pantallona p\u00ebr ecje (rezistente ndaj ujit dhe er\u00ebs) dhe rroba t\u00eb tjera rezerv\u00eb p\u00ebr komoditet.<\/li>\n<li aria-level=\"1\"><b>Rroba t\u00eb jashtme<\/b>: Xhaket\u00eb dhe pantallona t\u00eb pap\u00ebrshkueshme nga uji, plus nj\u00eb bluz\u00eb t\u00eb brendshme prej leshi ose material t\u00eb p\u00ebrshtatsh\u00ebm p\u00ebr mot t\u00eb ftoht\u00eb.<\/li>\n<\/ul>\n<p><b>Aksesor\u00eb<\/b>: Kapel\u00eb p\u00ebr diell, kapel\u00eb e ngroht\u00eb (edhe gjat\u00eb ver\u00ebs) dhe doreza p\u00ebr m\u00ebngjeset e ftohta.<\/p>\n<p>&nbsp;<\/p>\n<p><b>Gj\u00ebra Personale<\/b><\/p>\n<ul>\n<li aria-level=\"1\"><b>Peshqir Udh\u00ebtimi<\/b>: I vog\u00ebl dhe q\u00eb thahet shpejt.<\/li>\n<li aria-level=\"1\"><b>Medikamente<\/b>: P\u00ebrfshini recetat personale, nj\u00eb ndihm\u00eb t\u00eb par\u00eb bazike, qet\u00ebsues, elektrolite pluhur, magnezium, bar\u00ebra p\u00ebr temperatur\u00eb, barkqitje dhe t\u00eb vjella, fasha p\u00ebr flluska dhe krem mbrojt\u00ebs ndaj diellit (SPF 30+).<\/li>\n<li aria-level=\"1\"><b>Kujdes Personal<\/b>: Fur\u00e7\u00eb dh\u00ebmb\u00ebsh, balsam p\u00ebr buz\u00eb (SPF 20+), shami dhe syze dielli (UV 100%).<\/li>\n<li aria-level=\"1\"><b>Gj\u00ebsende Praktike<\/b>: Thik\u00eb e vog\u00ebl, drit\u00eb koke, pasaport\u00eb (dhe nj\u00eb kopje), para cash dhe kart\u00eb krediti.<\/li>\n<\/ul>\n[\/vc_column_text][\/vc_column_inner][vc_column_inner column_padding=&#8221;padding-2-percent&#8221; column_padding_tablet=&#8221;inherit&#8221; column_padding_phone=&#8221;inherit&#8221; column_padding_position=&#8221;top-bottom&#8221; column_element_direction_desktop=&#8221;default&#8221; column_element_spacing=&#8221;default&#8221; desktop_text_alignment=&#8221;default&#8221; tablet_text_alignment=&#8221;default&#8221; phone_text_alignment=&#8221;default&#8221; background_color_opacity=&#8221;1&#8243; background_hover_color_opacity=&#8221;1&#8243; column_backdrop_filter=&#8221;none&#8221; column_shadow=&#8221;none&#8221; column_border_radius=&#8221;none&#8221; column_link_target=&#8221;_self&#8221; overflow=&#8221;visible&#8221; gradient_direction=&#8221;left_to_right&#8221; overlay_strength=&#8221;0.3&#8243; width=&#8221;1\/2&#8243; tablet_width_inherit=&#8221;default&#8221; animation_type=&#8221;default&#8221; enable_animation=&#8221;true&#8221; animation=&#8221;fade-in-from-bottom&#8221; animation_easing=&#8221;default&#8221; bg_image_animation=&#8221;none&#8221; border_type=&#8221;simple&#8221; column_border_width=&#8221;none&#8221; column_border_style=&#8221;solid&#8221; delay=&#8221;100&#8243; column_padding_type=&#8221;default&#8221; gradient_type=&#8221;default&#8221;][vc_column_text css=&#8221;.vc_custom_1764528475538{padding-right: 10% !important;}&#8221; text_direction=&#8221;default&#8221;]<b>Orientimi dhe Teknologjia<\/b><\/p>\n<ul>\n<li aria-level=\"1\"><b>Navigimi<\/b>: Printoni dokumentet e shtegut dhe instaloni nj\u00eb aplikacion me opsion offline. P\u00ebrdorni GPX hartat q\u00eb gjinden n\u00eb webfaqen www.viadinaricakosovo.com<\/li>\n<li aria-level=\"1\"><b>Karikues dhe Energji<\/b>: Merrni nj\u00eb powerbank dhe adaptues t\u00eb nevojsh\u00ebm p\u00ebr prizat.<\/li>\n<\/ul>\n<p>&nbsp;<\/p>\n<p><b>Hidratimi dhe Ushqimi<\/b><\/p>\n<ul>\n<li aria-level=\"1\"><b>Furnizim me Uj\u00eb<\/b>: Shishe p\u00ebr t\u00eb mbajtur 1.5\u20133 litra, me burime t\u00eb sh\u00ebnuara p\u00ebr mbushje gjat\u00eb rrug\u00ebs.<\/li>\n<li aria-level=\"1\"><b>Ushqim<\/b>: Planifikoni vaktet duke p\u00ebrdorur hart\u00ebn p\u00ebr opsionet e blerjes ose sillni furnizime ditore. Ne rekomandojm\u00eb t\u00eb furnizoheni me pako t\u00eb drek\u00ebs n\u00eb bujtinat dhe pikat e akomodimit t\u00eb rekomanduara n\u00eb list\u00ebn e bujtinave n\u00eb k\u00ebt\u00eb lib\u00ebr.<\/li>\n<\/ul>\n<p>Duke siguruar k\u00ebto elemente t\u00eb domosdoshme, do t\u00eb jeni t\u00eb p\u00ebrgatitur p\u00ebr nj\u00eb aventur\u00eb t\u00eb jasht\u00ebzakonshme n\u00eb shtegun mahnit\u00ebs Via Dinarica n\u00eb Kosov\u00eb.[\/vc_column_text][\/vc_column_inner][\/vc_row_inner][\/vc_column][\/vc_row]\n","protected":false},"excerpt":{"rendered":"<p>[vc_row type=&#8221;full_width_background&#8221; full_screen_row_position=&#8221;middle&#8221; column_margin=&#8221;default&#8221; column_direction=&#8221;default&#8221; column_direction_tablet=&#8221;default&#8221; column_direction_phone=&#8221;default&#8221; bg_color=&#8221;#ffffff&#8221; scene_position=&#8221;center&#8221; top_padding=&#8221;7%&#8221; bottom_padding=&#8221;5%&#8221; text_color=&#8221;dark&#8221; text_align=&#8221;left&#8221; row_border_radius=&#8221;none&#8221; row_border_radius_applies=&#8221;bg&#8221; overflow=&#8221;visible&#8221; overlay_strength=&#8221;1&#8243; gradient_direction=&#8221;left_to_right&#8221; shape_divider_position=&#8221;bottom&#8221; bg_image_animation=&#8221;none&#8221; gradient_type=&#8221;default&#8221; shape_type=&#8221;&#8221;][vc_column column_padding=&#8221;no-extra-padding&#8221; column_padding_tablet=&#8221;inherit&#8221; column_padding_phone=&#8221;inherit&#8221; column_padding_position=&#8221;all&#8221; column_element_direction_desktop=&#8221;default&#8221; column_element_spacing=&#8221;default&#8221; desktop_text_alignment=&#8221;default&#8221; tablet_text_alignment=&#8221;default&#8221;&#8230;<\/p>\n","protected":false},"author":2,"featured_media":0,"parent":2592,"menu_order":0,"comment_status":"open","ping_status":"open","template":"","meta":{"_acf_changed":false,"footnotes":""},"class_list":["post-2709","page","type-page","status-publish"],"acf":[],"aioseo_notices":[],"_links":{"self":[{"href":"https:\/\/viadinaricakosovo.com\/sq\/wp-json\/wp\/v2\/pages\/2709","targetHints":{"allow":["GET"]}}],"collection":[{"href":"https:\/\/viadinaricakosovo.com\/sq\/wp-json\/wp\/v2\/pages"}],"about":[{"href":"https:\/\/viadinaricakosovo.com\/sq\/wp-json\/wp\/v2\/types\/page"}],"author":[{"embeddable":true,"href":"https:\/\/viadinaricakosovo.com\/sq\/wp-json\/wp\/v2\/users\/2"}],"replies":[{"embeddable":true,"href":"https:\/\/viadinaricakosovo.com\/sq\/wp-json\/wp\/v2\/comments?post=2709"}],"version-history":[{"count":5,"href":"https:\/\/viadinaricakosovo.com\/sq\/wp-json\/wp\/v2\/pages\/2709\/revisions"}],"predecessor-version":[{"id":2713,"href":"https:\/\/viadinaricakosovo.com\/sq\/wp-json\/wp\/v2\/pages\/2709\/revisions\/2713"}],"up":[{"embeddable":true,"href":"https:\/\/viadinaricakosovo.com\/sq\/wp-json\/wp\/v2\/pages\/2592"}],"wp:attachment":[{"href":"https:\/\/viadinaricakosovo.com\/sq\/wp-json\/wp\/v2\/media?parent=2709"}],"curies":[{"name":"wp","href":"https:\/\/api.w.org\/{rel}","templated":true}]}}